{"id":2,"date":"2017-11-19T17:42:43","date_gmt":"2017-11-19T17:42:43","guid":{"rendered":"http:\/\/192.168.1.125\/wordpress\/?page_id=2"},"modified":"2020-06-10T12:00:09","modified_gmt":"2020-06-10T10:00:09","slug":"pagina-ejemplo","status":"publish","type":"page","link":"https:\/\/94r.es\/","title":{"rendered":""},"content":{"rendered":"<p><em>Cuando el ni\u00f1o era ni\u00f1o,<\/em><br \/>\n<em> caminaba con los brazos abiertos,<\/em><br \/>\n<em> quer\u00eda que el riachuelo fuera un r\u00edo,<\/em><br \/>\n<em> el r\u00edo un torrente,<\/em><br \/>\n<em> y el charco, el mar.<\/em><\/p>\n<p><em>Cuando el ni\u00f1o era ni\u00f1o,<\/em><br \/>\n<em> \u00e9l no sab\u00eda que era un ni\u00f1o.<\/em><br \/>\n<em> Todo \u00e9l era alegr\u00eda,<\/em><br \/>\n<em> y todas las almas, una.<\/em><\/p>\n<p><em>Cuando el ni\u00f1o era ni\u00f1o,<\/em><br \/>\n<em> no ten\u00eda opini\u00f3n sobre nada,<\/em><br \/>\n<em> no ten\u00eda costumbres.<\/em><br \/>\n<em> Se sentaba en el suelo,<\/em><br \/>\n<em> corr\u00eda por doquier,<\/em><br \/>\n<em> ten\u00eda un tirabuz\u00f3n en el pelo,<\/em><br \/>\n<em> y nunca hac\u00eda muecas al hacerse fotos.<\/em><\/p>\n<p><em>Cuando el ni\u00f1o era ni\u00f1o,<\/em><br \/>\n<em> lanz\u00f3 un palo como lanza contra un \u00e1rbol,<\/em><br \/>\n<em> y este a\u00fan sigue ah\u00ed, vibrando.<\/em><\/p>\n<p>&nbsp;<\/p>\n<p style=\"text-align: right;\">Peter Handke \u2013 Canci\u00f3n de la ni\u00f1ez<\/p>\n","protected":false},"excerpt":{"rendered":"<p>Cuando el ni\u00f1o era ni\u00f1o, caminaba con los brazos abiertos, quer\u00eda que [&hellip;]<\/p>\n","protected":false},"author":1,"featured_media":0,"parent":0,"menu_order":0,"comment_status":"closed","ping_status":"open","template":"","meta":[],"_links":{"self":[{"href":"https:\/\/94r.es\/index.php\/wp-json\/wp\/v2\/pages\/2"}],"collection":[{"href":"https:\/\/94r.es\/index.php\/wp-json\/wp\/v2\/pages"}],"about":[{"href":"https:\/\/94r.es\/index.php\/wp-json\/wp\/v2\/types\/page"}],"author":[{"embeddable":true,"href":"https:\/\/94r.es\/index.php\/wp-json\/wp\/v2\/users\/1"}],"replies":[{"embeddable":true,"href":"https:\/\/94r.es\/index.php\/wp-json\/wp\/v2\/comments?post=2"}],"version-history":[{"count":4,"href":"https:\/\/94r.es\/index.php\/wp-json\/wp\/v2\/pages\/2\/revisions"}],"predecessor-version":[{"id":602,"href":"https:\/\/94r.es\/index.php\/wp-json\/wp\/v2\/pages\/2\/revisions\/602"}],"wp:attachment":[{"href":"https:\/\/94r.es\/index.php\/wp-json\/wp\/v2\/media?parent=2"}],"curies":[{"name":"wp","href":"https:\/\/api.w.org\/{rel}","templated":true}]}}